{"id":51,"date":"2018-10-18T10:46:21","date_gmt":"2018-10-18T10:46:21","guid":{"rendered":"http:\/\/dirk.staubesand.de\/?page_id=51"},"modified":"2024-10-14T09:20:51","modified_gmt":"2024-10-14T09:20:51","slug":"blog","status":"publish","type":"page","link":"http:\/\/dirk.staubesand.de\/?page_id=51","title":{"rendered":"Blog"},"content":{"rendered":"<h3><span style=\"color: #0000ff;\"><strong>Werkstatt f\u00fcr angepa\u00dfte Arbeit (WfaA) D\u00fcsseldorf<\/strong><\/span><\/h3>\n<p><iframe loading=\"lazy\" title=\"YouTube video player\" src=\"https:\/\/www.youtube.com\/embed\/SADCXLrqtI4?si=3nLnsEjPlTs4um0o\" width=\"560\" height=\"315\" frameborder=\"0\" allowfullscreen=\"allowfullscreen\"><\/iframe><\/p>\n<p>Imagefilm der WfaA D\u00fcsseldorf \u00fcber leben und arbeiten in der Werkstatt<\/p>\n<p>&nbsp;<\/p>\n<h3><span style=\"color: #0000ff;\">Antenne D\u00fcsseldorf<\/span><\/h3>\n<p>Antenne D\u00fcsseldorf besuchte im Rahmen des Aktionstages &#8222;S(ch)ichtwechsel&#8220;<br \/>\ndie Digitalisierung in Angermund<\/p>\n<p><a href=\"https:\/\/www.antenneduesseldorf.de\/artikel\/antenne-duesseldorf-beim-aktionstag-schichtwechsel-1791242.html\" target=\"_blank\" rel=\"noopener\"><img loading=\"lazy\" decoding=\"async\" class=\"alignleft size-full wp-image-351\" src=\"http:\/\/dirk.staubesand.de\/wp-content\/uploads\/2024\/10\/Bildschirmfoto-2024-10-14-um-02.23.54.png\" alt=\"\" width=\"484\" height=\"708\" srcset=\"http:\/\/dirk.staubesand.de\/wp-content\/uploads\/2024\/10\/Bildschirmfoto-2024-10-14-um-02.23.54.png 484w, http:\/\/dirk.staubesand.de\/wp-content\/uploads\/2024\/10\/Bildschirmfoto-2024-10-14-um-02.23.54-205x300.png 205w\" sizes=\"(max-width: 484px) 100vw, 484px\" \/><\/a><\/p>\n<p>&nbsp;<\/p>\n<p>&nbsp;<\/p>\n<p>&nbsp;<\/p>\n<p>&nbsp;<\/p>\n<p>&nbsp;<\/p>\n<p>&nbsp;<\/p>\n<p>&nbsp;<\/p>\n<p>&nbsp;<\/p>\n<p>&nbsp;<\/p>\n<p>&nbsp;<\/p>\n<p>&nbsp;<\/p>\n<p>&nbsp;<\/p>\n<p>&nbsp;<\/p>\n<p>&nbsp;<\/p>\n<p>&nbsp;<\/p>\n<p>&nbsp;<\/p>\n<p>&nbsp;<\/p>\n<p>&nbsp;<\/p>\n<p>&nbsp;<\/p>\n<p style=\"padding-left: 30px;\"><a href=\"https:\/\/www.instagram.com\/reel\/Cx-sT2et5i1\/?utm_source=ig_embed&amp;ig_rid=4728d523-d3ed-44bd-9580-e9b8f315334d\" target=\"_blank\" rel=\"noopener\"><img loading=\"lazy\" decoding=\"async\" class=\"alignleft wp-image-355\" src=\"http:\/\/dirk.staubesand.de\/wp-content\/uploads\/2024\/10\/Bildschirmfoto-2024-10-14-um-02.40.39.png\" alt=\"\" width=\"250\" height=\"217\" srcset=\"http:\/\/dirk.staubesand.de\/wp-content\/uploads\/2024\/10\/Bildschirmfoto-2024-10-14-um-02.40.39.png 769w, http:\/\/dirk.staubesand.de\/wp-content\/uploads\/2024\/10\/Bildschirmfoto-2024-10-14-um-02.40.39-300x261.png 300w, http:\/\/dirk.staubesand.de\/wp-content\/uploads\/2024\/10\/Bildschirmfoto-2024-10-14-um-02.40.39-768x667.png 768w\" sizes=\"(max-width: 250px) 100vw, 250px\" \/><\/a><\/p>\n<p>&nbsp;<\/p>\n<h3><\/h3>\n<h3><\/h3>\n<h3><\/h3>\n<p>&nbsp;<\/p>\n<p>&nbsp;<\/p>\n<p><a href=\"https:\/\/www.instagram.com\/reel\/Cx-sT2et5i1\/?utm_source=ig_embed&amp;ig_rid=4728d523-d3ed-44bd-9580-e9b8f315334d\">Reel Antenne D\u00fcsseldorf #Digitalisierung #Instagram<\/a><\/p>\n<p>&nbsp;<\/p>\n<p>&nbsp;<\/p>\n<h3><span style=\"color: #0000ff;\">Team Digitalisierung im Einsatz bei der D\u00fcsseldorfer Feuerwehr<\/span><\/h3>\n<p><a href=\"http:\/\/dirk.staubesand.de\/wp-content\/uploads\/2024\/10\/IMG_0684.jpg\"><img loading=\"lazy\" decoding=\"async\" class=\"alignleft wp-image-359\" src=\"http:\/\/dirk.staubesand.de\/wp-content\/uploads\/2024\/10\/IMG_0684.jpg\" alt=\"\" width=\"600\" height=\"450\" srcset=\"http:\/\/dirk.staubesand.de\/wp-content\/uploads\/2024\/10\/IMG_0684.jpg 4032w, http:\/\/dirk.staubesand.de\/wp-content\/uploads\/2024\/10\/IMG_0684-300x225.jpg 300w, http:\/\/dirk.staubesand.de\/wp-content\/uploads\/2024\/10\/IMG_0684-768x576.jpg 768w, http:\/\/dirk.staubesand.de\/wp-content\/uploads\/2024\/10\/IMG_0684-1024x768.jpg 1024w\" sizes=\"(max-width: 600px) 100vw, 600px\" \/><\/a><\/p>\n<p>&nbsp;<\/p>\n<p>Auch die Feuerwehr D\u00fcsseldorf z\u00e4hlt zu den Kunden der WfaA. Momentan arbeitet<br \/>\ndas Team Digitalisierung an der Digitalisierung eines ganzen Archivs.<br \/>\nDabei werden die Akten vom WfaA-Team vor Ort in spezielle Alu-Rollcontainer gepackt.<\/p>\n<p>&nbsp;<\/p>\n<p>&nbsp;<\/p>\n<p>&nbsp;<\/p>\n<p>&nbsp;<\/p>\n<p>&nbsp;<\/p>\n<p>&nbsp;<\/p>\n<p>&nbsp;<\/p>\n<p>&nbsp;<\/p>\n<p>&nbsp;<\/p>\n<p>&nbsp;<\/p>\n<p><a href=\"http:\/\/dirk.staubesand.de\/wp-content\/uploads\/2024\/10\/Team-Digitalisierung-Feuerwehr.jpg\"><img loading=\"lazy\" decoding=\"async\" class=\"alignleft wp-image-362\" src=\"http:\/\/dirk.staubesand.de\/wp-content\/uploads\/2024\/10\/Team-Digitalisierung-Feuerwehr-1024x761.jpg\" alt=\"\" width=\"600\" height=\"446\" srcset=\"http:\/\/dirk.staubesand.de\/wp-content\/uploads\/2024\/10\/Team-Digitalisierung-Feuerwehr-1024x761.jpg 1024w, http:\/\/dirk.staubesand.de\/wp-content\/uploads\/2024\/10\/Team-Digitalisierung-Feuerwehr-300x223.jpg 300w, http:\/\/dirk.staubesand.de\/wp-content\/uploads\/2024\/10\/Team-Digitalisierung-Feuerwehr-768x571.jpg 768w\" sizes=\"(max-width: 600px) 100vw, 600px\" \/><\/a><\/p>\n<p>&nbsp;<\/p>\n<p>&nbsp;<\/p>\n<p>&nbsp;<\/p>\n<p>&nbsp;<\/p>\n<p>&nbsp;<\/p>\n<p>&nbsp;<\/p>\n<p>&nbsp;<\/p>\n<p>&nbsp;<\/p>\n<p>&nbsp;<\/p>\n<p>&nbsp;<\/p>\n<p>&nbsp;<\/p>\n<p>&nbsp;<\/p>\n<p><a href=\"http:\/\/dirk.staubesand.de\/wp-content\/uploads\/2024\/10\/WIR_01_2023_Web-Auszug-Feuerwehrbericht.pdf\" target=\"_blank\" rel=\"noopener\"><img loading=\"lazy\" decoding=\"async\" class=\"alignleft wp-image-360\" src=\"http:\/\/dirk.staubesand.de\/wp-content\/uploads\/2024\/10\/WIR_01_2023_Feuerwehrbericht.jpg\" alt=\"\" width=\"600\" height=\"848\" srcset=\"http:\/\/dirk.staubesand.de\/wp-content\/uploads\/2024\/10\/WIR_01_2023_Feuerwehrbericht.jpg 2480w, http:\/\/dirk.staubesand.de\/wp-content\/uploads\/2024\/10\/WIR_01_2023_Feuerwehrbericht-212x300.jpg 212w, http:\/\/dirk.staubesand.de\/wp-content\/uploads\/2024\/10\/WIR_01_2023_Feuerwehrbericht-768x1086.jpg 768w, http:\/\/dirk.staubesand.de\/wp-content\/uploads\/2024\/10\/WIR_01_2023_Feuerwehrbericht-724x1024.jpg 724w\" sizes=\"(max-width: 600px) 100vw, 600px\" \/><\/a><\/p>\n<p>&nbsp;<\/p>\n<p>&nbsp;<\/p>\n<p>&nbsp;<\/p>\n<p>&nbsp;<\/p>\n<p>&nbsp;<\/p>\n<p>&nbsp;<\/p>\n<p>&nbsp;<\/p>\n<p>&nbsp;<\/p>\n<p>&nbsp;<\/p>\n<p>&nbsp;<\/p>\n<p>&nbsp;<\/p>\n<p>&nbsp;<\/p>\n<p>&nbsp;<\/p>\n<p>&nbsp;<\/p>\n<p>&nbsp;<\/p>\n<p>&nbsp;<\/p>\n<p>&nbsp;<\/p>\n<p>&nbsp;<\/p>\n<p>&nbsp;<\/p>\n<p>&nbsp;<\/p>\n<p>&nbsp;<\/p>\n<p>&nbsp;<\/p>\n<h3><span style=\"color: #0000ff;\">Weihnachtsfeier 2022 in der WfaA<\/span><\/h3>\n<p>Ausschnitt aus der W.I.R. &#8211; Hauszeitschrift der WfaA &#8211; Ausgabe 01\/2023<\/p>\n<p><a href=\"http:\/\/dirk.staubesand.de\/wp-content\/uploads\/2024\/10\/WIR_01_2023_Web-Bericht-Weihnachtsfeier-1.pdf\" target=\"_blank\" rel=\"noopener\"><img loading=\"lazy\" decoding=\"async\" class=\"alignleft wp-image-342\" src=\"http:\/\/dirk.staubesand.de\/wp-content\/uploads\/2024\/10\/WIR_01_2023_Web-Bericht-Weihnachtsfeier.jpg\" alt=\"\" width=\"600\" height=\"848\" srcset=\"http:\/\/dirk.staubesand.de\/wp-content\/uploads\/2024\/10\/WIR_01_2023_Web-Bericht-Weihnachtsfeier.jpg 2480w, http:\/\/dirk.staubesand.de\/wp-content\/uploads\/2024\/10\/WIR_01_2023_Web-Bericht-Weihnachtsfeier-212x300.jpg 212w, http:\/\/dirk.staubesand.de\/wp-content\/uploads\/2024\/10\/WIR_01_2023_Web-Bericht-Weihnachtsfeier-768x1086.jpg 768w, http:\/\/dirk.staubesand.de\/wp-content\/uploads\/2024\/10\/WIR_01_2023_Web-Bericht-Weihnachtsfeier-724x1024.jpg 724w\" sizes=\"(max-width: 600px) 100vw, 600px\" \/><\/a><\/p>\n<p>&nbsp;<\/p>\n<p>&nbsp;<\/p>\n<p>&nbsp;<\/p>\n<p>&nbsp;<\/p>\n<p>&nbsp;<\/p>\n<p>&nbsp;<\/p>\n<p>&nbsp;<\/p>\n<p>&nbsp;<\/p>\n<p>&nbsp;<\/p>\n<p>&nbsp;<\/p>\n<p>&nbsp;<\/p>\n<p>&nbsp;<\/p>\n<p>&nbsp;<\/p>\n<p>&nbsp;<\/p>\n<p>&nbsp;<\/p>\n<p>&nbsp;<\/p>\n<p>&nbsp;<\/p>\n<p>&nbsp;<\/p>\n<p>&nbsp;<\/p>\n<p>&nbsp;<\/p>\n<p>&nbsp;<\/p>\n<p>&nbsp;<\/p>\n<hr \/>\n<h3><span style=\"color: #0000ff;\"><strong>Nikolausmarkt in Angermund<\/strong><\/span><\/h3>\n<p><a href=\"http:\/\/dirk.staubesand.de\/wp-content\/uploads\/2024\/10\/Weihnachtsmarkt-Angermund-02-web.jpg\"><img loading=\"lazy\" decoding=\"async\" class=\"alignleft wp-image-336\" src=\"http:\/\/dirk.staubesand.de\/wp-content\/uploads\/2024\/10\/Weihnachtsmarkt-Angermund-02-web-300x228.jpg\" alt=\"\" width=\"600\" height=\"457\" srcset=\"http:\/\/dirk.staubesand.de\/wp-content\/uploads\/2024\/10\/Weihnachtsmarkt-Angermund-02-web-300x228.jpg 300w, http:\/\/dirk.staubesand.de\/wp-content\/uploads\/2024\/10\/Weihnachtsmarkt-Angermund-02-web-768x585.jpg 768w, http:\/\/dirk.staubesand.de\/wp-content\/uploads\/2024\/10\/Weihnachtsmarkt-Angermund-02-web.jpg 800w\" sizes=\"(max-width: 600px) 100vw, 600px\" \/><\/a>Jedes Jahr findet am Samstag vor dem 1. Advent in Angermund ein kleiner, aber sehr sch\u00f6ner und malerischer Nikolausmarkt statt. Der WfaA-Standort Wacholderstra\u00dfe beteiligt sich immer mit einem eigenen Stand, der mit viel Liebe zum Detail aufgebaut und dekoriert wird.<\/p>\n<p>&nbsp;<\/p>\n<p>&nbsp;<\/p>\n<p>&nbsp;<\/p>\n<p>&nbsp;<\/p>\n<p>&nbsp;<\/p>\n<p>&nbsp;<\/p>\n<p>&nbsp;<\/p>\n<p>&nbsp;<\/p>\n<p>&nbsp;<\/p>\n<p>&nbsp;<\/p>\n<p><a href=\"http:\/\/dirk.staubesand.de\/wp-content\/uploads\/2024\/10\/Weihnachtsmarkt-Angermund-e1728856810908.jpg\"><img loading=\"lazy\" decoding=\"async\" class=\"alignleft size-large wp-image-330\" src=\"http:\/\/dirk.staubesand.de\/wp-content\/uploads\/2024\/10\/Weihnachtsmarkt-Angermund-1024x771.jpg\" alt=\"\" width=\"696\" height=\"524\" \/><\/a><\/p>\n<p>Das Team der Digitalisierung, Wacholderstra\u00dfe \/ Angermund vor dem Verkaufsstand der WfaA.<\/p>\n<p>&nbsp;<\/p>\n<p>&nbsp;<\/p>\n<p>&nbsp;<\/p>\n<p>&nbsp;<\/p>\n<p>&nbsp;<\/p>\n<p>&nbsp;<\/p>\n<p>&nbsp;<\/p>\n<p>&nbsp;<\/p>\n<h3><\/h3>\n<h3><\/h3>\n<h3><\/h3>\n<h3><\/h3>\n<h3><\/h3>\n<p>&nbsp;<\/p>\n<p>&nbsp;<\/p>\n<h3><\/h3>\n<p>&nbsp;<\/p>\n<h3><\/h3>\n<p>&nbsp;<\/p>\n<h3><span style=\"color: #0000ff;\"><strong>Werkstatt f\u00fcr angepa\u00dfte Arbeit (WfaA) D\u00fcsseldorf<\/strong><\/span><\/h3>\n<p><a href=\"https:\/\/www.wfaa.de\/assets\/2022\/08\/WIR_02_2022_Web.pdf\" target=\"_blank\" rel=\"noopener\"><img loading=\"lazy\" decoding=\"async\" class=\"\" src=\"https:\/\/www.wfaa.de\/assets\/2022\/08\/WIR_02_2022_Titel.jpg\" width=\"417\" height=\"654\" \/><\/a><\/p>\n<p>Die W.I.R., halbj\u00e4hrlich erscheinende Hauszeitschrift der WfaA,<br \/>\nberichtet in ihrer Ausgabe 02\/2022 \u00fcber den Bereich Digitalisierung &amp; Mailing<br \/>\nin D\u00fcsseldorf-Angermund. (ab Seite 14)<\/p>\n<p>&nbsp;<\/p>\n<p>Reportage f\u00fcr das Fu\u00dfball-Portal FuPa:<\/p>\n<h3><a href=\"https:\/\/www.fupa.net\/berichte\/rheydter-sv-rheydter-sv-bessere-fitness-durch-bewusste-ernae-2281040.html\" target=\"_blank\" rel=\"noopener\">Rheydter SV: Bessere Fitness durch bewu\u00dfte Ern\u00e4hrung<\/a><\/h3>\n<p>Die Bezirksliga-Mannschaft des Rheydter SV,\u00a0die am Montag mit der Vorbereitung auf die R\u00fcckrunde startet, testet Nahrungsmittel-Erg\u00e4nzungsprodukte der\u00a0<em>Firma Ringana<\/em>. Der am meisten untersch\u00e4tzte Punkt\u00a0bei der k\u00f6rperlichen Fitness ist die richtige Ern\u00e4hrung. Hier liegt demnach gro\u00dfes Potenzial, um die Fitness zu verbessern und letztendlich auch Spiele f\u00fcr sich zu entscheiden.<\/p>\n<p><iframe loading=\"lazy\" src=\"https:\/\/www.youtube.com\/embed\/cgO2s8zEwgU\" width=\"560\" height=\"315\" frameborder=\"0\" allowfullscreen=\"allowfullscreen\"><\/iframe><\/p>\n<p>Reportage f\u00fcr das Fu\u00dfball-Portal FuPa:<\/p>\n<h3 class=\"top_news_div_titel\"><a href=\"https:\/\/www.fupa.net\/berichte\/djkvfl-giesenkirchen-dreimal-von-hamburg-nach-rheydt-und-zur-2223569.html\" target=\"_blank\" rel=\"noopener\">Dreimal von Hamburg nach Rheydt und zur\u00fcck!<\/a><\/h3>\n<div class=\"top_news_div_untertitel\">Ein Groundhopper aus der Hansestadt muss wirklich eine Menge auf sich nehmen,<br \/>\num f\u00fcr das RSV-Stadion endlich Stadionpunkte zu bekommen<br \/>\n+++ Zwei Versuche scheiterten bereits<\/div>\n<p><a href=\"https:\/\/www.fupa.net\/berichte\/djkvfl-giesenkirchen-dreimal-von-hamburg-nach-rheydt-und-zur-2223569.html\" target=\"_blank\" rel=\"noopener\"><img loading=\"lazy\" decoding=\"async\" class=\"alignnone wp-image-233\" src=\"http:\/\/dirk.staubesand.de\/wp-content\/uploads\/2018\/10\/IMG_4184-300x225.jpg\" alt=\"\" width=\"695\" height=\"428\" \/><\/a><\/p>\n<p>&nbsp;<\/p>\n<p>Image-Trailer f\u00fcr die Rheydter Herbstkirmes<\/p>\n<p><strong>Gro\u00dfe Rheydter Herbstkirmes 2018<\/strong><\/p>\n<p><iframe loading=\"lazy\" width=\"696\" height=\"392\" src=\"https:\/\/www.youtube.com\/embed\/BZEBdWq_LG0?feature=oembed\" frameborder=\"0\" allow=\"accelerometer; autoplay; clipboard-write; encrypted-media; gyroscope; picture-in-picture; web-share\" referrerpolicy=\"strict-origin-when-cross-origin\" allowfullscreen title=\"Rheydter Herbstkirmes 2018 n\"><\/iframe><\/p>\n<p>&nbsp;<\/p>\n<p>Der neue Image-Trailer f\u00fcr die Druckerei Staubesand ist fertig!<\/p>\n<p><strong>Printing is our Passion<\/strong><\/p>\n<p><iframe loading=\"lazy\" width=\"696\" height=\"392\" src=\"https:\/\/www.youtube.com\/embed\/KjamjkLTWuM?feature=oembed\" frameborder=\"0\" allow=\"accelerometer; autoplay; clipboard-write; encrypted-media; gyroscope; picture-in-picture; web-share\" referrerpolicy=\"strict-origin-when-cross-origin\" allowfullscreen title=\"Printing is our Passion\"><\/iframe><\/p>\n<p>&nbsp;<\/p>\n<p><strong>Reportage vom 1. Spatenstich zum Umbau des RSV-Stadions<\/strong><\/p>\n<p>Nachdem im Januar und Februar schon einige Vorarbeiten erledigt wurden,<br \/>\nstarteten im M\u00e4rz die Bauarbeiten im Stadion des Rheydter Spielvereins,<br \/>\ndas nun zu einer modernen Arena, dem Campus Park Rheydt, umgebaut wird.<\/p>\n<p><iframe loading=\"lazy\" width=\"696\" height=\"392\" src=\"https:\/\/www.youtube.com\/embed\/x3HQZoQCPuc?feature=oembed\" frameborder=\"0\" allow=\"accelerometer; autoplay; clipboard-write; encrypted-media; gyroscope; picture-in-picture; web-share\" referrerpolicy=\"strict-origin-when-cross-origin\" allowfullscreen title=\"Erster Spatenstich Campus Park Rheydt\"><\/iframe><\/p>\n","protected":false},"excerpt":{"rendered":"<p>Werkstatt f\u00fcr angepa\u00dfte Arbeit (WfaA) D\u00fcsseldorf Imagefilm der WfaA D\u00fcsseldorf \u00fcber leben und arbeiten in der Werkstatt &nbsp; Antenne D\u00fcsseldorf Antenne D\u00fcsseldorf besuchte im Rahmen des Aktionstages &#8222;S(ch)ichtwechsel&#8220; die Digitalisierung in Angermund &nbsp; &nbsp; &nbsp; &nbsp; &nbsp; &nbsp; &nbsp; &nbsp; &nbsp; &nbsp; &nbsp; &nbsp; &nbsp; &nbsp; &nbsp; &nbsp; &nbsp; &nbsp; &nbsp; &nbsp; &nbsp; &nbsp; Reel<\/p><\/div>\n<div class=\"blog-btn\"><a href=\"http:\/\/dirk.staubesand.de\/?page_id=51\" class=\"home-blog-btn\">Weiterlesen<\/a><\/p>\n","protected":false},"author":1,"featured_media":0,"parent":0,"menu_order":0,"comment_status":"closed","ping_status":"closed","template":"template\/template-page-full-width.php","meta":{"footnotes":""},"class_list":["post-51","page","type-page","status-publish","hentry"],"_links":{"self":[{"href":"http:\/\/dirk.staubesand.de\/index.php?rest_route=\/wp\/v2\/pages\/51"}],"collection":[{"href":"http:\/\/dirk.staubesand.de\/index.php?rest_route=\/wp\/v2\/pages"}],"about":[{"href":"http:\/\/dirk.staubesand.de\/index.php?rest_route=\/wp\/v2\/types\/page"}],"author":[{"embeddable":true,"href":"http:\/\/dirk.staubesand.de\/index.php?rest_route=\/wp\/v2\/users\/1"}],"replies":[{"embeddable":true,"href":"http:\/\/dirk.staubesand.de\/index.php?rest_route=%2Fwp%2Fv2%2Fcomments&post=51"}],"version-history":[{"count":19,"href":"http:\/\/dirk.staubesand.de\/index.php?rest_route=\/wp\/v2\/pages\/51\/revisions"}],"predecessor-version":[{"id":368,"href":"http:\/\/dirk.staubesand.de\/index.php?rest_route=\/wp\/v2\/pages\/51\/revisions\/368"}],"wp:attachment":[{"href":"http:\/\/dirk.staubesand.de\/index.php?rest_route=%2Fwp%2Fv2%2Fmedia&parent=51"}],"curies":[{"name":"wp","href":"https:\/\/api.w.org\/{rel}","templated":true}]}}